{"id":4311,"date":"2026-04-17T02:17:21","date_gmt":"2026-04-17T02:17:21","guid":{"rendered":"https:\/\/newsky-mould.com\/?page_id=4311"},"modified":"2026-04-17T07:39:26","modified_gmt":"2026-04-17T07:39:26","slug":"nouveaux-produits","status":"publish","type":"page","link":"https:\/\/newsky-mould.com\/fr\/services\/new-products\/","title":{"rendered":"Nouveaux produits"},"content":{"rendered":"<div data-elementor-type=\"wp-page\" data-elementor-id=\"4311\" class=\"elementor elementor-4311\" data-elementor-post-type=\"page\">\n\t\t\t\t<div class=\"elementor-element elementor-element-a942c01 e-flex e-con-boxed e-con e-parent\" data-id=\"a942c01\" data-element_type=\"container\" data-e-type=\"container\" data-settings=\"{&quot;background_background&quot;:&quot;classic&quot;}\">\n\t\t\t\t\t<div class=\"e-con-inner\">\n\t\t<div class=\"elementor-element elementor-element-424b134b e-con-full e-flex e-con e-child\" data-id=\"424b134b\" data-element_type=\"container\" data-e-type=\"container\">\n\t\t\t\t<div class=\"elementor-element elementor-element-6b5e9f09 elementor-widget elementor-widget-image-box\" data-id=\"6b5e9f09\" data-element_type=\"widget\" data-e-type=\"widget\" data-widget_type=\"image-box.default\">\n\t\t\t\t\t<div class=\"elementor-image-box-wrapper\"><div class=\"elementor-image-box-content\"><h3 class=\"elementor-image-box-title\">Nouveaux produits<\/h3><p class=\"elementor-image-box-description\">Syst\u00e8me de transfert - Une m\u00e9thode applicable \u00e0 divers moules et permettant de r\u00e9duire les co\u00fbts de moule.\nNous pr\u00e9senterons ici les derniers produits de Newsky, notamment le syst\u00e8me de transfert, la micro presse servo, etc. Nous esp\u00e9rons aider les usines d'estampage et de moulage par injection \u00e0 r\u00e9soudre divers probl\u00e8mes gr\u00e2ce \u00e0 nos derni\u00e8res technologies.<\/p><\/div><\/div>\t\t\t\t<\/div>\n\t\t\t\t<\/div>\n\t\t\t\t\t<\/div>\n\t\t\t\t<\/div>\n\t\t<div class=\"elementor-element elementor-element-f324d97 e-flex e-con-boxed e-con e-parent\" data-id=\"f324d97\" data-element_type=\"container\" data-e-type=\"container\">\n\t\t\t\t\t<div class=\"e-con-inner\">\n\t\t\t\t<div class=\"elementor-element elementor-element-e12b28a elementor-widget elementor-widget-heading\" data-id=\"e12b28a\" data-element_type=\"widget\" data-e-type=\"widget\" data-widget_type=\"heading.default\">\n\t\t\t\t\t<h2 class=\"elementor-heading-title elementor-size-default\">1. Syst\u00e8me de transfert <\/h2>\t\t\t\t<\/div>\n\t\t\t\t\t<\/div>\n\t\t\t\t<\/div>\n\t\t<div class=\"elementor-element elementor-element-a0c1edf e-flex e-con-boxed e-con e-parent\" data-id=\"a0c1edf\" data-element_type=\"container\" data-e-type=\"container\">\n\t\t\t\t\t<div class=\"e-con-inner\">\n\t\t\t\t<div class=\"elementor-element elementor-element-d42b631 elementor-widget elementor-widget-text-editor\" data-id=\"d42b631\" data-element_type=\"widget\" data-e-type=\"widget\" data-widget_type=\"text-editor.default\">\n\t\t\t\t\t\t\t\t\t<p>Syst\u00e8me de transfert \u2013 Une m\u00e9thode applicable \u00e0 divers moules et qui permet de r\u00e9duire les co\u00fbts des moules.<\/p><p>Simplifier la matrice pour r\u00e9duire le co\u00fbt de la matrice \u2013 La matrice est con\u00e7ue comme une matrice \u00e0 un seul processus, mais son efficacit\u00e9 est \u00e9quivalente \u00e0 celle d'une matrice progressive.<\/p><p>Le syst\u00e8me de transmission peut \u00eatre install\u00e9 sur les rainures en T des presses de 60T \u00e0 500T et peut \u00eatre d\u00e9mont\u00e9 et install\u00e9 \u00e0 tout moment.<\/p>\t\t\t\t\t\t\t\t<\/div>\n\t\t\t\t\t<\/div>\n\t\t\t\t<\/div>\n\t\t<div class=\"elementor-element elementor-element-78b0d7e e-flex e-con-boxed e-con e-parent\" data-id=\"78b0d7e\" data-element_type=\"container\" data-e-type=\"container\">\n\t\t\t\t\t<div class=\"e-con-inner\">\n\t\t\t\t<div class=\"elementor-element elementor-element-be838ef elementor-widget elementor-widget-heading\" data-id=\"be838ef\" data-element_type=\"widget\" data-e-type=\"widget\" data-widget_type=\"heading.default\">\n\t\t\t\t\t<h3 class=\"elementor-heading-title elementor-size-default\">Avez-vous le m\u00eame probl\u00e8me ?<\/h3>\t\t\t\t<\/div>\n\t\t\t\t\t<\/div>\n\t\t\t\t<\/div>\n\t\t<div class=\"elementor-element elementor-element-efe0216 e-flex e-con-boxed e-con e-parent\" data-id=\"efe0216\" data-element_type=\"container\" data-e-type=\"container\">\n\t\t\t\t\t<div class=\"e-con-inner\">\n\t\t\t\t<div class=\"elementor-element elementor-element-bfb4e8e elementor-widget elementor-widget-text-editor\" data-id=\"bfb4e8e\" data-element_type=\"widget\" data-e-type=\"widget\" data-widget_type=\"text-editor.default\">\n\t\t\t\t\t\t\t\t\t<p>Peu en quantit\u00e9 mais divers en vari\u00e9t\u00e9.<\/p><p>2. Le co\u00fbt de l'outil d'emboutissage est \u00e9lev\u00e9 et le taux d'utilisation des mat\u00e9riaux est faible.<\/p><p>3. Les moules \u00e0 processus unique occupent du mat\u00e9riel et du personnel et ont une faible efficacit\u00e9.<\/p><p>4. Le syst\u00e8me de transfert de la matrice de transfert doit \u00eatre personnalis\u00e9 et int\u00e9gr\u00e9 \u00e0 la machine-outil, ce qui entra\u00eene un faible taux d'utilisation de la machine-outil<\/p>\t\t\t\t\t\t\t\t<\/div>\n\t\t\t\t\t<\/div>\n\t\t\t\t<\/div>\n\t\t<div class=\"elementor-element elementor-element-83da0b1 e-flex e-con-boxed e-con e-parent\" data-id=\"83da0b1\" data-element_type=\"container\" data-e-type=\"container\">\n\t\t\t\t\t<div class=\"e-con-inner\">\n\t\t\t\t<div class=\"elementor-element elementor-element-70f3550 elementor-widget elementor-widget-heading\" data-id=\"70f3550\" data-element_type=\"widget\" data-e-type=\"widget\" data-widget_type=\"heading.default\">\n\t\t\t\t\t<h3 class=\"elementor-heading-title elementor-size-default\">Notre solution :<\/h3>\t\t\t\t<\/div>\n\t\t\t\t\t<\/div>\n\t\t\t\t<\/div>\n\t\t<div class=\"elementor-element elementor-element-2ae4bd4 e-flex e-con-boxed e-con e-parent\" data-id=\"2ae4bd4\" data-element_type=\"container\" data-e-type=\"container\">\n\t\t\t\t\t<div class=\"e-con-inner\">\n\t\t\t\t<div class=\"elementor-element elementor-element-05961c9 elementor-widget elementor-widget-text-editor\" data-id=\"05961c9\" data-element_type=\"widget\" data-e-type=\"widget\" data-widget_type=\"text-editor.default\">\n\t\t\t\t\t\t\t\t\t<p>1. Simplifier le moule pour r\u00e9duire le co\u00fbt du moule \u2013 La matrice est con\u00e7ue comme une matrice \u00e0 un seul processus, mais son efficacit\u00e9 est \u00e9quivalente \u00e0 celle d'une matrice progressive.<\/p><p>Le syst\u00e8me de transmission peut \u00eatre install\u00e9 sur les rainures en T des presses de 60T \u00e0 500T et peut \u00eatre d\u00e9mont\u00e9 et install\u00e9 \u00e0 tout moment.<\/p><p>3. Vitesse de transfert : 0 \u00e0 100 SPM, entra\u00eenement par servomoteur, contr\u00f4le par API, et la distance de pas et la distance de transmission peuvent \u00eatre ajust\u00e9es de mani\u00e8re arbitraire.<\/p><p>4. Il est disponible en deux mod\u00e8les : deux axes (X + Y) et trois axes (X + Y + Z). La course de chaque axe peut \u00eatre simplement ajust\u00e9e dans la plage sp\u00e9cifi\u00e9e.<\/p><p>5. Un serrage pneumatique ou par ventouse \u00e0 aspiration d'air peut \u00eatre utilis\u00e9 pour maintenir des pi\u00e8ces cylindriques, planes et autres apr\u00e8s emboutissage.<\/p>\t\t\t\t\t\t\t\t<\/div>\n\t\t\t\t\t<\/div>\n\t\t\t\t<\/div>\n\t\t<div class=\"elementor-element elementor-element-b109091 e-flex e-con-boxed e-con e-parent\" data-id=\"b109091\" data-element_type=\"container\" data-e-type=\"container\">\n\t\t\t\t\t<div class=\"e-con-inner\">\n\t\t<div class=\"elementor-element elementor-element-b44c0ce e-con-full e-flex e-con e-child\" data-id=\"b44c0ce\" data-element_type=\"container\" data-e-type=\"container\">\n\t\t\t\t<div class=\"elementor-element elementor-element-07f0071 elementor-widget elementor-widget-image\" data-id=\"07f0071\" data-element_type=\"widget\" data-e-type=\"widget\" data-widget_type=\"image.default\">\n\t\t\t\t\t\t\t\t\t\t\t\t\t\t\t<img fetchpriority=\"high\" decoding=\"async\" width=\"550\" height=\"350\" src=\"https:\/\/newsky-mould.com\/wp-content\/uploads\/2026\/04\/2\u8f74\u9001\u6599\u673a\u68b0\u624b-20260416.bmp\" class=\"attachment-large size-large wp-image-4346\" alt=\"\" srcset=\"https:\/\/newsky-mould.com\/wp-content\/uploads\/2026\/04\/2\u8f74\u9001\u6599\u673a\u68b0\u624b-20260416.bmp 550w, https:\/\/newsky-mould.com\/wp-content\/uploads\/2026\/04\/2\u8f74\u9001\u6599\u673a\u68b0\u624b-20260416-300x191.jpg 300w, https:\/\/newsky-mould.com\/wp-content\/uploads\/2026\/04\/2\u8f74\u9001\u6599\u673a\u68b0\u624b-20260416-18x12.jpg 18w\" sizes=\"(max-width: 550px) 100vw, 550px\" \/>\t\t\t\t\t\t\t\t\t\t\t\t\t\t\t<\/div>\n\t\t\t\t<\/div>\n\t\t<div class=\"elementor-element elementor-element-6c7d543 e-con-full e-flex e-con e-child\" data-id=\"6c7d543\" data-element_type=\"container\" data-e-type=\"container\">\n\t\t\t\t<div class=\"elementor-element elementor-element-51a50c8 elementor-widget elementor-widget-image\" data-id=\"51a50c8\" data-element_type=\"widget\" data-e-type=\"widget\" data-widget_type=\"image.default\">\n\t\t\t\t\t\t\t\t\t\t\t\t\t\t\t<img decoding=\"async\" width=\"550\" height=\"350\" src=\"https:\/\/newsky-mould.com\/wp-content\/uploads\/2026\/04\/3\u8f74\u9001\u6599\u673a\u68b0\u624b-20260416.bmp\" class=\"attachment-large size-large wp-image-4347\" alt=\"Syst\u00e8me de transfert 3X\" srcset=\"https:\/\/newsky-mould.com\/wp-content\/uploads\/2026\/04\/3\u8f74\u9001\u6599\u673a\u68b0\u624b-20260416.bmp 550w, https:\/\/newsky-mould.com\/wp-content\/uploads\/2026\/04\/3\u8f74\u9001\u6599\u673a\u68b0\u624b-20260416-300x191.jpg 300w, https:\/\/newsky-mould.com\/wp-content\/uploads\/2026\/04\/3\u8f74\u9001\u6599\u673a\u68b0\u624b-20260416-18x12.jpg 18w\" sizes=\"(max-width: 550px) 100vw, 550px\" \/>\t\t\t\t\t\t\t\t\t\t\t\t\t\t\t<\/div>\n\t\t\t\t<\/div>\n\t\t\t\t\t<\/div>\n\t\t\t\t<\/div>\n\t\t<div class=\"elementor-element elementor-element-b1fbea2 e-flex e-con-boxed e-con e-parent\" data-id=\"b1fbea2\" data-element_type=\"container\" data-e-type=\"container\">\n\t\t\t\t\t<div class=\"e-con-inner\">\n\t\t<div class=\"elementor-element elementor-element-77c4f8c e-con-full e-flex e-con e-child\" data-id=\"77c4f8c\" data-element_type=\"container\" data-e-type=\"container\">\n\t\t\t\t<div class=\"elementor-element elementor-element-9472815 elementor-widget elementor-widget-heading\" data-id=\"9472815\" data-element_type=\"widget\" data-e-type=\"widget\" data-widget_type=\"heading.default\">\n\t\t\t\t\t<h2 class=\"elementor-heading-title elementor-size-default\">2. Mini presse \u00e0 servomoteur<\/h2>\t\t\t\t<\/div>\n\t\t\t\t<\/div>\n\t\t\t\t\t<\/div>\n\t\t\t\t<\/div>\n\t\t<div class=\"elementor-element elementor-element-f17e882 e-flex e-con-boxed e-con e-parent\" data-id=\"f17e882\" data-element_type=\"container\" data-e-type=\"container\">\n\t\t\t\t\t<div class=\"e-con-inner\">\n\t\t\t\t<div class=\"elementor-element elementor-element-c07064b elementor-widget elementor-widget-text-editor\" data-id=\"c07064b\" data-element_type=\"widget\" data-e-type=\"widget\" data-widget_type=\"text-editor.default\">\n\t\t\t\t\t\t\t\t\t<p>Pour les tr\u00e8s petits terminaux, les contacts \u00e0 ressort et les produits de connecteurs, si un \u00e9quipement d'une capacit\u00e9 de plus de 30T est utilis\u00e9, il peut y avoir un exc\u00e8s de force de poin\u00e7onnage, et le co\u00fbt du moule sera \u00e9lev\u00e9. Notre id\u00e9e est de concevoir et de produire une mini presse \u00e0 emboutir d'une force de poin\u00e7onnage de 3 \u00e0 10 tonnes, qui peut \u00eatre plac\u00e9e sur un bureau et convient \u00e0 une utilisation dans les usines situ\u00e9es au deuxi\u00e8me \u00e9tage ou plus. Cela peut r\u00e9duire les co\u00fbts de production, les co\u00fbts d'\u00e9lectricit\u00e9, etc.<\/p><p>Veuillez patienter pour plus d'informations\u2026\u2026.<\/p>\t\t\t\t\t\t\t\t<\/div>\n\t\t\t\t\t<\/div>\n\t\t\t\t<\/div>\n\t\t\t\t<\/div>","protected":false},"excerpt":{"rendered":"<p>New Products Tranfer system &#8211; A method that can be applied to various molds and reduce mold costs. Here, we will showcase the latest products of Newsky, including the Transfer system, micro servo press, etc. We hope to assist stamping and injection molding factories in solving various problems with our latest technologies. 1. Transfer system [&hellip;]<\/p>\n","protected":false},"author":1,"featured_media":0,"parent":598,"menu_order":0,"comment_status":"closed","ping_status":"closed","template":"","meta":{"site-sidebar-layout":"no-sidebar","site-content-layout":"page-builder","ast-site-content-layout":"full-width-container","site-content-style":"default","site-sidebar-style":"default","ast-global-header-display":"","ast-banner-title-visibility":"","ast-main-header-display":"","ast-hfb-above-header-display":"","ast-hfb-below-header-display":"","ast-hfb-mobile-header-display":"","site-post-title":"","ast-breadcrumbs-content":"","ast-featured-img":"disabled","footer-sml-layout":"","ast-disable-related-posts":"","theme-transparent-header-meta":"","adv-header-id-meta":"","stick-header-meta":"","header-above-stick-meta":"","header-main-stick-meta":"","header-below-stick-meta":"","astra-migrate-meta-layouts":"set","ast-page-background-enabled":"default","ast-page-background-meta":{"desktop":{"background-color":"var(--ast-global-color-4)","background-image":"","background-repeat":"repeat","background-position":"center center","background-size":"auto","background-attachment":"scroll","background-type":"","background-media":"","overlay-type":"","overlay-color":"","overlay-opacity":"","overlay-gradient":""},"tablet":{"background-color":"","background-image":"","background-repeat":"repeat","background-position":"center center","background-size":"auto","background-attachment":"scroll","background-type":"","background-media":"","overlay-type":"","overlay-color":"","overlay-opacity":"","overlay-gradient":""},"mobile":{"background-color":"","background-image":"","background-repeat":"repeat","background-position":"center center","background-size":"auto","background-attachment":"scroll","background-type":"","background-media":"","overlay-type":"","overlay-color":"","overlay-opacity":"","overlay-gradient":""}},"ast-content-background-meta":{"desktop":{"background-color":"var(--ast-global-color-5)","background-image":"","background-repeat":"repeat","background-position":"center center","background-size":"auto","background-attachment":"scroll","background-type":"","background-media":"","overlay-type":"","overlay-color":"","overlay-opacity":"","overlay-gradient":""},"tablet":{"background-color":"var(--ast-global-color-5)","background-image":"","background-repeat":"repeat","background-position":"center center","background-size":"auto","background-attachment":"scroll","background-type":"","background-media":"","overlay-type":"","overlay-color":"","overlay-opacity":"","overlay-gradient":""},"mobile":{"background-color":"var(--ast-global-color-5)","background-image":"","background-repeat":"repeat","background-position":"center center","background-size":"auto","background-attachment":"scroll","background-type":"","background-media":"","overlay-type":"","overlay-color":"","overlay-opacity":"","overlay-gradient":""}},"footnotes":""},"class_list":["post-4311","page","type-page","status-publish","hentry"],"yoast_head":"<!-- This site is optimized with the Yoast SEO Premium plugin v27.4 (Yoast SEO v27.5) - https:\/\/yoast.com\/product\/yoast-seo-premium-wordpress\/ -->\n<title>Transfer system for stamping factory - A good way to reduce costs<\/title>\n<meta name=\"description\" content=\"Transfer system for stamping factory - A method that can be applied to various molds and reduce mold costs.\" \/>\n<meta name=\"robots\" content=\"index, follow, max-snippet:-1, max-image-preview:large, max-video-preview:-1\" \/>\n<link rel=\"canonical\" href=\"https:\/\/newsky-mould.com\/fr\/services\/nouveaux-produits\/\" \/>\n<meta property=\"og:locale\" content=\"fr_FR\" \/>\n<meta property=\"og:type\" content=\"article\" \/>\n<meta property=\"og:title\" content=\"New Products\" \/>\n<meta property=\"og:description\" content=\"Transfer system for stamping factory - A method that can be applied to various molds and reduce mold costs.\" \/>\n<meta property=\"og:url\" content=\"https:\/\/newsky-mould.com\/fr\/services\/nouveaux-produits\/\" \/>\n<meta property=\"og:site_name\" content=\"NEWSKY metal stamping die and stamping service\" \/>\n<meta property=\"article:modified_time\" content=\"2026-04-17T07:39:26+00:00\" \/>\n<meta property=\"og:image\" content=\"https:\/\/newsky-mould.com\/wp-content\/uploads\/2026\/04\/\u7f51\u7ad9\u56fe\u7247.jpg\" \/>\n\t<meta property=\"og:image:width\" content=\"1200\" \/>\n\t<meta property=\"og:image:height\" content=\"675\" \/>\n\t<meta property=\"og:image:type\" content=\"image\/jpeg\" \/>\n<meta name=\"twitter:card\" content=\"summary_large_image\" \/>\n<meta name=\"twitter:label1\" content=\"Dur\u00e9e de lecture estim\u00e9e\" \/>\n\t<meta name=\"twitter:data1\" content=\"3 minutes\" \/>\n<script type=\"application\/ld+json\" class=\"yoast-schema-graph\">{\"@context\":\"https:\\\/\\\/schema.org\",\"@graph\":[{\"@type\":\"WebPage\",\"@id\":\"https:\\\/\\\/newsky-mould.com\\\/services\\\/new-products\\\/\",\"url\":\"https:\\\/\\\/newsky-mould.com\\\/services\\\/new-products\\\/\",\"name\":\"Transfer system for stamping factory - A good way to reduce costs\",\"isPartOf\":{\"@id\":\"https:\\\/\\\/newsky-mould.com\\\/#website\"},\"datePublished\":\"2026-04-17T02:17:21+00:00\",\"dateModified\":\"2026-04-17T07:39:26+00:00\",\"description\":\"Transfer system for stamping factory - A method that can be applied to various molds and reduce mold costs.\",\"breadcrumb\":{\"@id\":\"https:\\\/\\\/newsky-mould.com\\\/services\\\/new-products\\\/#breadcrumb\"},\"inLanguage\":\"fr-FR\",\"potentialAction\":[{\"@type\":\"ReadAction\",\"target\":[\"https:\\\/\\\/newsky-mould.com\\\/services\\\/new-products\\\/\"]}]},{\"@type\":\"BreadcrumbList\",\"@id\":\"https:\\\/\\\/newsky-mould.com\\\/services\\\/new-products\\\/#breadcrumb\",\"itemListElement\":[{\"@type\":\"ListItem\",\"position\":1,\"name\":\"Home\",\"item\":\"https:\\\/\\\/newsky-mould.com\\\/\"},{\"@type\":\"ListItem\",\"position\":2,\"name\":\"Services\",\"item\":\"https:\\\/\\\/newsky-mould.com\\\/services\\\/\"},{\"@type\":\"ListItem\",\"position\":3,\"name\":\"New Products\"}]},{\"@type\":\"WebSite\",\"@id\":\"https:\\\/\\\/newsky-mould.com\\\/#website\",\"url\":\"https:\\\/\\\/newsky-mould.com\\\/\",\"name\":\"NEWSKY\",\"description\":\"One-stop service for stamping die and metal stamping service\",\"publisher\":{\"@id\":\"https:\\\/\\\/newsky-mould.com\\\/#organization\"},\"alternateName\":\"NEWSKY-mould\",\"potentialAction\":[{\"@type\":\"SearchAction\",\"target\":{\"@type\":\"EntryPoint\",\"urlTemplate\":\"https:\\\/\\\/newsky-mould.com\\\/?s={search_term_string}\"},\"query-input\":{\"@type\":\"PropertyValueSpecification\",\"valueRequired\":true,\"valueName\":\"search_term_string\"}}],\"inLanguage\":\"fr-FR\"},{\"@type\":\"Organization\",\"@id\":\"https:\\\/\\\/newsky-mould.com\\\/#organization\",\"name\":\"NEWSKY\",\"alternateName\":\"SHENZHEN NEWSKY TECHNOLOGY CO.,LTD.\",\"url\":\"https:\\\/\\\/newsky-mould.com\\\/\",\"logo\":{\"@type\":\"ImageObject\",\"inLanguage\":\"fr-FR\",\"@id\":\"https:\\\/\\\/newsky-mould.com\\\/#\\\/schema\\\/logo\\\/image\\\/\",\"url\":\"https:\\\/\\\/newsky-mould.com\\\/wp-content\\\/uploads\\\/2024\\\/12\\\/LOGO3.webp\",\"contentUrl\":\"https:\\\/\\\/newsky-mould.com\\\/wp-content\\\/uploads\\\/2024\\\/12\\\/LOGO3.webp\",\"width\":180,\"height\":60,\"caption\":\"NEWSKY\"},\"image\":{\"@id\":\"https:\\\/\\\/newsky-mould.com\\\/#\\\/schema\\\/logo\\\/image\\\/\"},\"description\":\"Welcome to NEWSKY, where quality meets innovation. With years of experience and a commitment to excellence, we specialize in providing top-notch Metal stamping die manufacturing and one-stop stamping solutions tailored to meet the needs of our clients.\",\"email\":\"newsky@newsky-tech.com\",\"telephone\":\"0086-755-81787211\",\"legalName\":\"Shenzhen Newsky technology co.,ltd.\",\"foundingDate\":\"2004-04-22\",\"vatID\":\"914403007619502626\",\"taxID\":\"914403007619502626\",\"iso6523Code\":\"ISO9001 No.:02421Q32011107R5S\",\"numberOfEmployees\":{\"@type\":\"QuantitativeValue\",\"minValue\":\"51\",\"maxValue\":\"200\"},\"publishingPrinciples\":\"https:\\\/\\\/newsky-mould.com\\\/newsky-stamping-die-and-tooling\\\/die-and-mould-manufacturer\\\/\",\"ownershipFundingInfo\":\"https:\\\/\\\/newsky-mould.com\\\/newsky-stamping-die-and-tooling\\\/newsky-sustainability-action\\\/\",\"actionableFeedbackPolicy\":\"https:\\\/\\\/newsky-mould.com\\\/newsky-stamping-die-and-tooling\\\/newsky-sustainability-action\\\/\",\"correctionsPolicy\":\"https:\\\/\\\/newsky-mould.com\\\/newsky-stamping-die-and-tooling\\\/newsky-sustainability-action\\\/\",\"ethicsPolicy\":\"https:\\\/\\\/newsky-mould.com\\\/newsky-stamping-die-and-tooling\\\/newsky-sustainability-action\\\/\",\"diversityPolicy\":\"https:\\\/\\\/newsky-mould.com\\\/newsky-stamping-die-and-tooling\\\/newsky-sustainability-action\\\/\",\"diversityStaffingReport\":\"https:\\\/\\\/newsky-mould.com\\\/newsky-stamping-die-and-tooling\\\/newsky-sustainability-action\\\/\"}]}<\/script>\n<!-- \/ Yoast SEO Premium plugin. -->","yoast_head_json":{"title":"Syst\u00e8me de transfert pour usine d'estampage - Un bon moyen de r\u00e9duire les co\u00fbts","description":"Syst\u00e8me de transfert pour usine d'emboutissage - Une m\u00e9thode applicable \u00e0 divers moules et permettant de r\u00e9duire les co\u00fbts des moules.","robots":{"index":"index","follow":"follow","max-snippet":"max-snippet:-1","max-image-preview":"max-image-preview:large","max-video-preview":"max-video-preview:-1"},"canonical":"https:\/\/newsky-mould.com\/fr\/services\/nouveaux-produits\/","og_locale":"fr_FR","og_type":"article","og_title":"New Products","og_description":"Transfer system for stamping factory - A method that can be applied to various molds and reduce mold costs.","og_url":"https:\/\/newsky-mould.com\/fr\/services\/nouveaux-produits\/","og_site_name":"NEWSKY metal stamping die and stamping service","article_modified_time":"2026-04-17T07:39:26+00:00","og_image":[{"width":1200,"height":675,"url":"https:\/\/newsky-mould.com\/wp-content\/uploads\/2026\/04\/\u7f51\u7ad9\u56fe\u7247.jpg","type":"image\/jpeg"}],"twitter_card":"summary_large_image","twitter_misc":{"Dur\u00e9e de lecture estim\u00e9e":"3 minutes"},"schema":{"@context":"https:\/\/schema.org","@graph":[{"@type":"WebPage","@id":"https:\/\/newsky-mould.com\/services\/new-products\/","url":"https:\/\/newsky-mould.com\/services\/new-products\/","name":"Syst\u00e8me de transfert pour usine d'estampage - Un bon moyen de r\u00e9duire les co\u00fbts","isPartOf":{"@id":"https:\/\/newsky-mould.com\/#website"},"datePublished":"2026-04-17T02:17:21+00:00","dateModified":"2026-04-17T07:39:26+00:00","description":"Syst\u00e8me de transfert pour usine d'emboutissage - Une m\u00e9thode applicable \u00e0 divers moules et permettant de r\u00e9duire les co\u00fbts des moules.","breadcrumb":{"@id":"https:\/\/newsky-mould.com\/services\/new-products\/#breadcrumb"},"inLanguage":"fr-FR","potentialAction":[{"@type":"ReadAction","target":["https:\/\/newsky-mould.com\/services\/new-products\/"]}]},{"@type":"BreadcrumbList","@id":"https:\/\/newsky-mould.com\/services\/new-products\/#breadcrumb","itemListElement":[{"@type":"ListItem","position":1,"name":"Home","item":"https:\/\/newsky-mould.com\/"},{"@type":"ListItem","position":2,"name":"Services","item":"https:\/\/newsky-mould.com\/services\/"},{"@type":"ListItem","position":3,"name":"New Products"}]},{"@type":"WebSite","@id":"https:\/\/newsky-mould.com\/#website","url":"https:\/\/newsky-mould.com\/","name":"NEWSKY","description":"Service complet pour les presses d'emboutissage et l'emboutissage de m\u00e9taux","publisher":{"@id":"https:\/\/newsky-mould.com\/#organization"},"alternateName":"NEWSKY-mould","potentialAction":[{"@type":"SearchAction","target":{"@type":"EntryPoint","urlTemplate":"https:\/\/newsky-mould.com\/?s={search_term_string}"},"query-input":{"@type":"PropertyValueSpecification","valueRequired":true,"valueName":"search_term_string"}}],"inLanguage":"fr-FR"},{"@type":"Organization","@id":"https:\/\/newsky-mould.com\/#organization","name":"NEWSKY","alternateName":"SHENZHEN NEWSKY TECHNOLOGY CO.,LTD.","url":"https:\/\/newsky-mould.com\/","logo":{"@type":"ImageObject","inLanguage":"fr-FR","@id":"https:\/\/newsky-mould.com\/#\/schema\/logo\/image\/","url":"https:\/\/newsky-mould.com\/wp-content\/uploads\/2024\/12\/LOGO3.webp","contentUrl":"https:\/\/newsky-mould.com\/wp-content\/uploads\/2024\/12\/LOGO3.webp","width":180,"height":60,"caption":"NEWSKY"},"image":{"@id":"https:\/\/newsky-mould.com\/#\/schema\/logo\/image\/"},"description":"Bienvenue chez NEWSKY, o\u00f9 la qualit\u00e9 rencontre l'innovation. Avec des ann\u00e9es d'exp\u00e9rience et un engagement \u00e0 l'excellence, nous sommes sp\u00e9cialis\u00e9s dans la fabrication de moules d'emboutissage m\u00e9tallique de premi\u00e8re qualit\u00e9 et dans les solutions d'emboutissage \u00e0 guichet unique adapt\u00e9es aux besoins de nos clients.","email":"newsky@newsky-tech.com","telephone":"0086-755-81787211","legalName":"Shenzhen Newsky technology co.,ltd.","foundingDate":"2004-04-22","vatID":"914403007619502626","taxID":"914403007619502626","iso6523Code":"ISO9001 No.:02421Q32011107R5S","numberOfEmployees":{"@type":"QuantitativeValue","minValue":"51","maxValue":"200"},"publishingPrinciples":"https:\/\/newsky-mould.com\/newsky-stamping-die-and-tooling\/die-and-mould-manufacturer\/","ownershipFundingInfo":"https:\/\/newsky-mould.com\/newsky-stamping-die-and-tooling\/newsky-sustainability-action\/","actionableFeedbackPolicy":"https:\/\/newsky-mould.com\/newsky-stamping-die-and-tooling\/newsky-sustainability-action\/","correctionsPolicy":"https:\/\/newsky-mould.com\/newsky-stamping-die-and-tooling\/newsky-sustainability-action\/","ethicsPolicy":"https:\/\/newsky-mould.com\/newsky-stamping-die-and-tooling\/newsky-sustainability-action\/","diversityPolicy":"https:\/\/newsky-mould.com\/newsky-stamping-die-and-tooling\/newsky-sustainability-action\/","diversityStaffingReport":"https:\/\/newsky-mould.com\/newsky-stamping-die-and-tooling\/newsky-sustainability-action\/"}]}},"_links":{"self":[{"href":"https:\/\/newsky-mould.com\/fr\/wp-json\/wp\/v2\/pages\/4311","targetHints":{"allow":["GET"]}}],"collection":[{"href":"https:\/\/newsky-mould.com\/fr\/wp-json\/wp\/v2\/pages"}],"about":[{"href":"https:\/\/newsky-mould.com\/fr\/wp-json\/wp\/v2\/types\/page"}],"author":[{"embeddable":true,"href":"https:\/\/newsky-mould.com\/fr\/wp-json\/wp\/v2\/users\/1"}],"replies":[{"embeddable":true,"href":"https:\/\/newsky-mould.com\/fr\/wp-json\/wp\/v2\/comments?post=4311"}],"version-history":[{"count":62,"href":"https:\/\/newsky-mould.com\/fr\/wp-json\/wp\/v2\/pages\/4311\/revisions"}],"predecessor-version":[{"id":4390,"href":"https:\/\/newsky-mould.com\/fr\/wp-json\/wp\/v2\/pages\/4311\/revisions\/4390"}],"up":[{"embeddable":true,"href":"https:\/\/newsky-mould.com\/fr\/wp-json\/wp\/v2\/pages\/598"}],"wp:attachment":[{"href":"https:\/\/newsky-mould.com\/fr\/wp-json\/wp\/v2\/media?parent=4311"}],"curies":[{"name":"wp","href":"https:\/\/api.w.org\/{rel}","templated":true}]}}